{"id":7199,"date":"2024-09-15T17:12:01","date_gmt":"2024-09-15T17:12:01","guid":{"rendered":"https:\/\/startthelight.com\/?page_id=7199"},"modified":"2025-08-17T16:03:03","modified_gmt":"2025-08-17T16:03:03","slug":"more-testimonials","status":"publish","type":"page","link":"https:\/\/startthelight.com\/es\/more-testimonials\/","title":{"rendered":"M\u00e1s testimonios"},"content":{"rendered":"<div data-elementor-type=\"wp-page\" data-elementor-id=\"7199\" class=\"elementor elementor-7199\" data-elementor-post-type=\"page\">\n\t\t\t\t<div class=\"elementor-element elementor-element-fd1d8f6 e-con-full e-flex e-con e-parent\" data-id=\"fd1d8f6\" data-element_type=\"container\" data-settings=\"{&quot;background_background&quot;:&quot;classic&quot;}\">\n\t\t\t\t<div class=\"elementor-element elementor-element-271d3f9 elementor-widget elementor-widget-button\" data-id=\"271d3f9\" data-element_type=\"widget\" data-widget_type=\"button.default\">\n\t\t\t\t<div class=\"elementor-widget-container\">\n\t\t\t\t\t\t\t\t\t<div class=\"elementor-button-wrapper\">\n\t\t\t\t\t<a class=\"elementor-button elementor-button-link elementor-size-sm\" href=\"https:\/\/startthelight.com\/es\/home-x39\/#people\">\n\t\t\t\t\t\t<span class=\"elementor-button-content-wrapper\">\n\t\t\t\t\t\t\t\t\t<span class=\"elementor-button-text\">&lt; Volver a INICIO<\/span>\n\t\t\t\t\t<\/span>\n\t\t\t\t\t<\/a>\n\t\t\t\t<\/div>\n\t\t\t\t\t\t\t\t<\/div>\n\t\t\t\t<\/div>\n\t\t\t\t<\/div>\n\t\t<div class=\"elementor-element elementor-element-7e65a04 e-flex e-con-boxed e-con e-parent\" data-id=\"7e65a04\" data-element_type=\"container\" data-settings=\"{&quot;background_background&quot;:&quot;classic&quot;}\">\n\t\t\t\t\t<div class=\"e-con-inner\">\n\t\t<div class=\"elementor-element elementor-element-3194abb e-con-full e-flex e-con e-child\" data-id=\"3194abb\" data-element_type=\"container\">\n\t\t\t\t<div class=\"elementor-element elementor-element-7594567 elementor-widget elementor-widget-heading\" data-id=\"7594567\" data-element_type=\"widget\" data-widget_type=\"heading.default\">\n\t\t\t\t<div class=\"elementor-widget-container\">\n\t\t\t\t\t<h1 class=\"elementor-heading-title elementor-size-default\">M\u00e1s historias<\/h1>\t\t\t\t<\/div>\n\t\t\t\t<\/div>\n\t\t\t\t<\/div>\n\t\t\t\t\t<\/div>\n\t\t\t\t<\/div>\n\t\t<div class=\"elementor-element elementor-element-c4f2988 e-flex e-con-boxed e-con e-parent\" data-id=\"c4f2988\" data-element_type=\"container\" data-settings=\"{&quot;background_background&quot;:&quot;classic&quot;}\">\n\t\t\t\t\t<div class=\"e-con-inner\">\n\t\t<div class=\"elementor-element elementor-element-26b04dd e-flex e-con-boxed e-con e-child\" data-id=\"26b04dd\" data-element_type=\"container\">\n\t\t\t\t\t<div class=\"e-con-inner\">\n\t\t\t\t<div class=\"elementor-element elementor-element-63c9530 elementor-widget elementor-widget-heading\" data-id=\"63c9530\" data-element_type=\"widget\" data-widget_type=\"heading.default\">\n\t\t\t\t<div class=\"elementor-widget-container\">\n\t\t\t\t\t<h1 class=\"elementor-heading-title elementor-size-default\">Lo que la gente<\/h1>\t\t\t\t<\/div>\n\t\t\t\t<\/div>\n\t\t\t\t<div class=\"elementor-element elementor-element-9451d9a elementor-widget elementor-widget-heading\" data-id=\"9451d9a\" data-element_type=\"widget\" data-widget_type=\"heading.default\">\n\t\t\t\t<div class=\"elementor-widget-container\">\n\t\t\t\t\t<h3 class=\"elementor-heading-title elementor-size-default\">are saying about our X39 light technology patches<\/h3>\t\t\t\t<\/div>\n\t\t\t\t<\/div>\n\t\t<div class=\"elementor-element elementor-element-55047a5 e-con-full e-flex e-con e-child\" data-id=\"55047a5\" data-element_type=\"container\">\n\t\t<div class=\"elementor-element elementor-element-0e1dea6 e-con-full e-flex e-con e-child\" data-id=\"0e1dea6\" data-element_type=\"container\" data-settings=\"{&quot;background_background&quot;:&quot;classic&quot;}\">\n\t\t\t\t<div class=\"elementor-element elementor-element-dfab7d0 elementor-widget elementor-widget-heading\" data-id=\"dfab7d0\" data-element_type=\"widget\" data-widget_type=\"heading.default\">\n\t\t\t\t<div class=\"elementor-widget-container\">\n\t\t\t\t\t<h5 class=\"elementor-heading-title elementor-size-default\">Autoimmune issues<\/h5>\t\t\t\t<\/div>\n\t\t\t\t<\/div>\n\t\t\t\t<div class=\"elementor-element elementor-element-d3840e0 elementor-widget elementor-widget-pp-video\" data-id=\"d3840e0\" data-element_type=\"widget\" data-widget_type=\"pp-video.default\">\n\t\t\t\t<div class=\"elementor-widget-container\">\n\t\t\t\t\t\t\t<div class=\"pp-video pp-video-type-youtube\" data-settings=\"{&quot;post_id&quot;:7199,&quot;widget_id&quot;:&quot;d3840e0&quot;}\">\n\t\t\t\t\t<div class=\"pp-video-container\">\n\t\t\t<div class=\"pp-video-play\" data-autoplay=\"0\">\n\t\t\t\t<div class=\"pp-media-overlay pp-video-overlay\"><\/div>\t\t\t\t<div class=\"pp-video-player\" data-src=\"https:\/\/www.youtube.com\/embed\/5NHm3fzDusI?feature=oembed&amp;autoplay=1&amp;wmode=opaque&amp;start=0&amp;end=0&amp;loop=0&amp;controls=1&amp;mute=0&amp;rel=0&amp;cc_load_policy=0\">\n\t\t\t\t\t\t\t\t\t\t\t\t\t<img decoding=\"async\" class=\"pp-video-thumb\" src=\"https:\/\/startthelight.com\/wp-content\/uploads\/2023\/11\/feather-videoThumb.jpg\" alt=\"\">\n\t\t\t\t\t\t\t\t\t\t\t<span class=\"pp-video-play-icon\">\n\t\t\t\t<i aria-hidden=\"true\" class=\"fas fa-play-circle\"><\/i>\t\t\t<\/span>\n\t\t\t\t\t\t\t<\/div>\n\t\t\t<\/div>\n\t\t<\/div>\n\t\t\t\t<\/div>\n\t\t\t\t\t\t<\/div>\n\t\t\t\t<\/div>\n\t\t\t\t<\/div>\n\t\t<div class=\"elementor-element elementor-element-2a81ce4 e-con-full e-flex e-con e-child\" data-id=\"2a81ce4\" data-element_type=\"container\" data-settings=\"{&quot;background_background&quot;:&quot;classic&quot;}\">\n\t\t\t\t<div class=\"elementor-element elementor-element-211c7fb elementor-widget elementor-widget-heading\" data-id=\"211c7fb\" data-element_type=\"widget\" data-widget_type=\"heading.default\">\n\t\t\t\t<div class=\"elementor-widget-container\">\n\t\t\t\t\t<h5 class=\"elementor-heading-title elementor-size-default\">Neurodevelopment issues<\/h5>\t\t\t\t<\/div>\n\t\t\t\t<\/div>\n\t\t\t\t<div class=\"elementor-element elementor-element-9a20cd2 elementor-widget elementor-widget-pp-video\" data-id=\"9a20cd2\" data-element_type=\"widget\" data-widget_type=\"pp-video.default\">\n\t\t\t\t<div class=\"elementor-widget-container\">\n\t\t\t\t\t\t\t<div class=\"pp-video pp-video-type-youtube\" data-settings=\"{&quot;post_id&quot;:7199,&quot;widget_id&quot;:&quot;9a20cd2&quot;}\">\n\t\t\t\t\t<div class=\"pp-video-container\">\n\t\t\t<div class=\"pp-video-play\" data-autoplay=\"0\">\n\t\t\t\t<div class=\"pp-media-overlay pp-video-overlay\"><\/div>\t\t\t\t<div class=\"pp-video-player\" data-src=\"https:\/\/www.youtube.com\/embed\/XwJlzV_ubxg?feature=oembed&amp;autoplay=1&amp;wmode=opaque&amp;start=0&amp;end=0&amp;loop=0&amp;controls=1&amp;mute=0&amp;rel=0&amp;cc_load_policy=0\">\n\t\t\t\t\t\t\t\t\t\t\t\t\t<img decoding=\"async\" class=\"pp-video-thumb\" src=\"https:\/\/i.ytimg.com\/vi\/XwJlzV_ubxg\/maxresdefault.jpg\" alt=\"\">\n\t\t\t\t\t\t\t\t\t\t\t<span class=\"pp-video-play-icon\">\n\t\t\t\t<i aria-hidden=\"true\" class=\"fas fa-play-circle\"><\/i>\t\t\t<\/span>\n\t\t\t\t\t\t\t<\/div>\n\t\t\t<\/div>\n\t\t<\/div>\n\t\t\t\t<\/div>\n\t\t\t\t\t\t<\/div>\n\t\t\t\t<\/div>\n\t\t\t\t<\/div>\n\t\t<div class=\"elementor-element elementor-element-b4e58c2 e-con-full e-flex e-con e-child\" data-id=\"b4e58c2\" data-element_type=\"container\" data-settings=\"{&quot;background_background&quot;:&quot;classic&quot;}\">\n\t\t\t\t<div class=\"elementor-element elementor-element-f78ee43 elementor-widget elementor-widget-heading\" data-id=\"f78ee43\" data-element_type=\"widget\" data-widget_type=\"heading.default\">\n\t\t\t\t<div class=\"elementor-widget-container\">\n\t\t\t\t\t<h5 class=\"elementor-heading-title elementor-size-default\">Soporte cr\u00f3nico para la rodilla<\/h5>\t\t\t\t<\/div>\n\t\t\t\t<\/div>\n\t\t\t\t<div class=\"elementor-element elementor-element-b59411e elementor-widget elementor-widget-pp-video\" data-id=\"b59411e\" data-element_type=\"widget\" data-widget_type=\"pp-video.default\">\n\t\t\t\t<div class=\"elementor-widget-container\">\n\t\t\t\t\t\t\t<div class=\"pp-video pp-video-type-youtube\" data-settings=\"{&quot;post_id&quot;:7199,&quot;widget_id&quot;:&quot;b59411e&quot;}\">\n\t\t\t\t\t<div class=\"pp-video-container\">\n\t\t\t<div class=\"pp-video-play\" data-autoplay=\"0\">\n\t\t\t\t<div class=\"pp-media-overlay pp-video-overlay\"><\/div>\t\t\t\t<div class=\"pp-video-player\" data-src=\"https:\/\/www.youtube.com\/embed\/8eRDA1wGdJ0?feature=oembed&amp;autoplay=1&amp;wmode=opaque&amp;start=0&amp;end=0&amp;loop=0&amp;controls=1&amp;mute=0&amp;rel=0&amp;cc_load_policy=0\">\n\t\t\t\t\t\t\t\t\t\t\t\t\t<img decoding=\"async\" class=\"pp-video-thumb\" src=\"https:\/\/i.ytimg.com\/vi\/8eRDA1wGdJ0\/maxresdefault.jpg\" alt=\"\">\n\t\t\t\t\t\t\t\t\t\t\t<span class=\"pp-video-play-icon\">\n\t\t\t\t<i aria-hidden=\"true\" class=\"fas fa-play-circle\"><\/i>\t\t\t<\/span>\n\t\t\t\t\t\t\t<\/div>\n\t\t\t<\/div>\n\t\t<\/div>\n\t\t\t\t<\/div>\n\t\t\t\t\t\t<\/div>\n\t\t\t\t<\/div>\n\t\t\t\t<\/div>\n\t\t\t\t<\/div>\n\t\t<div class=\"elementor-element elementor-element-5a81a19 e-con-full e-flex e-con e-child\" data-id=\"5a81a19\" data-element_type=\"container\">\n\t\t<div class=\"elementor-element elementor-element-0424f8c e-con-full e-flex e-con e-child\" data-id=\"0424f8c\" data-element_type=\"container\" data-settings=\"{&quot;background_background&quot;:&quot;classic&quot;}\">\n\t\t\t\t<div class=\"elementor-element elementor-element-e96a096 elementor-widget elementor-widget-heading\" data-id=\"e96a096\" data-element_type=\"widget\" data-widget_type=\"heading.default\">\n\t\t\t\t<div class=\"elementor-widget-container\">\n\t\t\t\t\t<h5 class=\"elementor-heading-title elementor-size-default\">Adolescentes<\/h5>\t\t\t\t<\/div>\n\t\t\t\t<\/div>\n\t\t\t\t<div class=\"elementor-element elementor-element-b6c196b elementor-widget elementor-widget-pp-video\" data-id=\"b6c196b\" data-element_type=\"widget\" data-widget_type=\"pp-video.default\">\n\t\t\t\t<div class=\"elementor-widget-container\">\n\t\t\t\t\t\t\t<div class=\"pp-video pp-video-type-youtube\" data-settings=\"{&quot;post_id&quot;:7199,&quot;widget_id&quot;:&quot;b6c196b&quot;}\">\n\t\t\t\t\t<div class=\"pp-video-container\">\n\t\t\t<div class=\"pp-video-play\" data-autoplay=\"0\">\n\t\t\t\t<div class=\"pp-media-overlay pp-video-overlay\"><\/div>\t\t\t\t<div class=\"pp-video-player\" data-src=\"https:\/\/www.youtube.com\/embed\/GiSFp75yzgE?feature=oembed&amp;autoplay=1&amp;wmode=opaque&amp;start=0&amp;end=0&amp;loop=0&amp;controls=1&amp;mute=0&amp;rel=0&amp;cc_load_policy=0\">\n\t\t\t\t\t\t\t\t\t\t\t\t\t<img decoding=\"async\" class=\"pp-video-thumb\" src=\"https:\/\/i.ytimg.com\/vi\/GiSFp75yzgE\/maxresdefault.jpg\" alt=\"\">\n\t\t\t\t\t\t\t\t\t\t\t<span class=\"pp-video-play-icon\">\n\t\t\t\t<i aria-hidden=\"true\" class=\"fas fa-play-circle\"><\/i>\t\t\t<\/span>\n\t\t\t\t\t\t\t<\/div>\n\t\t\t<\/div>\n\t\t<\/div>\n\t\t\t\t<\/div>\n\t\t\t\t\t\t<\/div>\n\t\t\t\t<\/div>\n\t\t\t\t<\/div>\n\t\t<div class=\"elementor-element elementor-element-f6bbd65 e-con-full e-flex e-con e-child\" data-id=\"f6bbd65\" data-element_type=\"container\" data-settings=\"{&quot;background_background&quot;:&quot;classic&quot;}\">\n\t\t\t\t<div class=\"elementor-element elementor-element-a3d250e elementor-widget elementor-widget-heading\" data-id=\"a3d250e\" data-element_type=\"widget\" data-widget_type=\"heading.default\">\n\t\t\t\t<div class=\"elementor-widget-container\">\n\t\t\t\t\t<h5 class=\"elementor-heading-title elementor-size-default\">Az\u00facar<\/h5>\t\t\t\t<\/div>\n\t\t\t\t<\/div>\n\t\t\t\t<div class=\"elementor-element elementor-element-fb13e35 elementor-widget elementor-widget-pp-video\" data-id=\"fb13e35\" data-element_type=\"widget\" data-widget_type=\"pp-video.default\">\n\t\t\t\t<div class=\"elementor-widget-container\">\n\t\t\t\t\t\t\t<div class=\"pp-video pp-video-type-youtube\" data-settings=\"{&quot;post_id&quot;:7199,&quot;widget_id&quot;:&quot;fb13e35&quot;}\">\n\t\t\t\t\t<div class=\"pp-video-container\">\n\t\t\t<div class=\"pp-video-play\" data-autoplay=\"0\">\n\t\t\t\t<div class=\"pp-media-overlay pp-video-overlay\"><\/div>\t\t\t\t<div class=\"pp-video-player\" data-src=\"https:\/\/www.youtube.com\/embed\/YQDbi5ByF18?feature=oembed&amp;autoplay=1&amp;wmode=opaque&amp;start=0&amp;end=0&amp;loop=0&amp;controls=1&amp;mute=0&amp;rel=0&amp;cc_load_policy=0\">\n\t\t\t\t\t\t\t\t\t\t\t\t\t<img decoding=\"async\" class=\"pp-video-thumb\" src=\"https:\/\/i.ytimg.com\/vi\/YQDbi5ByF18\/maxresdefault.jpg\" alt=\"\">\n\t\t\t\t\t\t\t\t\t\t\t<span class=\"pp-video-play-icon\">\n\t\t\t\t<i aria-hidden=\"true\" class=\"fas fa-play-circle\"><\/i>\t\t\t<\/span>\n\t\t\t\t\t\t\t<\/div>\n\t\t\t<\/div>\n\t\t<\/div>\n\t\t\t\t<\/div>\n\t\t\t\t\t\t<\/div>\n\t\t\t\t<\/div>\n\t\t\t\t<\/div>\n\t\t<div class=\"elementor-element elementor-element-4a33642 e-con-full e-flex e-con e-child\" data-id=\"4a33642\" data-element_type=\"container\" data-settings=\"{&quot;background_background&quot;:&quot;classic&quot;}\">\n\t\t\t\t<\/div>\n\t\t\t\t<\/div>\n\t\t\t\t\t<\/div>\n\t\t\t\t<\/div>\n\t\t\t\t\t<\/div>\n\t\t\t\t<\/div>\n\t\t<div class=\"elementor-element elementor-element-7c1c7df e-flex e-con-boxed e-con e-parent\" data-id=\"7c1c7df\" data-element_type=\"container\" data-settings=\"{&quot;background_background&quot;:&quot;classic&quot;}\">\n\t\t\t\t\t<div class=\"e-con-inner\">\n\t\t\t\t<div class=\"elementor-element elementor-element-f0009cb elementor-widget elementor-widget-heading\" data-id=\"f0009cb\" data-element_type=\"widget\" data-widget_type=\"heading.default\">\n\t\t\t\t<div class=\"elementor-widget-container\">\n\t\t\t\t\t<p class=\"elementor-heading-title elementor-size-default\">*Todo el contenido relativo a la ciencia que hay detr\u00e1s de los productos de LifeWave se basa y puede contener elementos para la ciencia tanto de la fototerapia como de la acupresi\u00f3n. Los productos LifeWave se clasifican bajo una de estas dos clasificaciones cient\u00edficas dependiendo de las leyes y regulaciones locales. Cualquier promoci\u00f3n de los productos LifeWave debe ser coherente con las clasificaciones locales oficiales. Consulte la literatura oficial y las normas del organismo de comunicaci\u00f3n de su pa\u00eds para saber cu\u00e1l es la m\u00e1s aceptada en su zona.<\/p>\t\t\t\t<\/div>\n\t\t\t\t<\/div>\n\t\t\t\t\t<\/div>\n\t\t\t\t<\/div>\n\t\t\t\t<\/div>","protected":false},"excerpt":{"rendered":"<p>&lt; Back to HOME More Stories What People are saying about our X39 light technology patches Autoimmune issues Neurodevelopment issues Chronic Knee Support Teens Sugar *All content regarding the science behind LifeWave&#8217;s products is based on and may contain elements for the science of both phototherapy and acupressure. LifeWave products are categorized under one of [&hellip;]<\/p>","protected":false},"author":1,"featured_media":4097,"parent":0,"menu_order":0,"comment_status":"closed","ping_status":"closed","template":"elementor_theme","meta":{"site-sidebar-layout":"no-sidebar","site-content-layout":"page-builder","ast-site-content-layout":"full-width-container","site-content-style":"unboxed","site-sidebar-style":"unboxed","ast-global-header-display":"disabled","ast-banner-title-visibility":"","ast-main-header-display":"","ast-hfb-above-header-display":"","ast-hfb-below-header-display":"","ast-hfb-mobile-header-display":"","site-post-title":"disabled","ast-breadcrumbs-content":"","ast-featured-img":"disabled","footer-sml-layout":"","theme-transparent-header-meta":"","adv-header-id-meta":"","stick-header-meta":"","header-above-stick-meta":"","header-main-stick-meta":"","header-below-stick-meta":"","astra-migrate-meta-layouts":"set","ast-page-background-enabled":"default","ast-page-background-meta":{"desktop":{"background-color":"var(--ast-global-color-4)","background-image":"","background-repeat":"repeat","background-position":"center center","background-size":"auto","background-attachment":"scroll","background-type":"","background-media":"","overlay-type":"","overlay-color":"","overlay-opacity":"","overlay-gradient":""},"tablet":{"background-color":"","background-image":"","background-repeat":"repeat","background-position":"center center","background-size":"auto","background-attachment":"scroll","background-type":"","background-media":"","overlay-type":"","overlay-color":"","overlay-opacity":"","overlay-gradient":""},"mobile":{"background-color":"","background-image":"","background-repeat":"repeat","background-position":"center center","background-size":"auto","background-attachment":"scroll","background-type":"","background-media":"","overlay-type":"","overlay-color":"","overlay-opacity":"","overlay-gradient":""}},"ast-content-background-meta":{"desktop":{"background-color":"var(--ast-global-color-5)","background-image":"","background-repeat":"repeat","background-position":"center center","background-size":"auto","background-attachment":"scroll","background-type":"","background-media":"","overlay-type":"","overlay-color":"","overlay-opacity":"","overlay-gradient":""},"tablet":{"background-color":"var(--ast-global-color-5)","background-image":"","background-repeat":"repeat","background-position":"center center","background-size":"auto","background-attachment":"scroll","background-type":"","background-media":"","overlay-type":"","overlay-color":"","overlay-opacity":"","overlay-gradient":""},"mobile":{"background-color":"var(--ast-global-color-5)","background-image":"","background-repeat":"repeat","background-position":"center center","background-size":"auto","background-attachment":"scroll","background-type":"","background-media":"","overlay-type":"","overlay-color":"","overlay-opacity":"","overlay-gradient":""}},"footnotes":""},"class_list":["post-7199","page","type-page","status-publish","has-post-thumbnail","hentry"],"yoast_head":"<!-- This site is optimized with the Yoast SEO plugin v26.3 - https:\/\/yoast.com\/wordpress\/plugins\/seo\/ -->\n<title>More Testimonials - Start The Light<\/title>\n<meta name=\"robots\" content=\"noindex, follow\" \/>\n<meta property=\"og:locale\" content=\"es_MX\" \/>\n<meta property=\"og:type\" content=\"article\" \/>\n<meta property=\"og:title\" content=\"More Testimonials - Start The Light\" \/>\n<meta property=\"og:description\" content=\"&lt; Back to HOME More Stories What People are saying about our X39 light technology patches Autoimmune issues Neurodevelopment issues Chronic Knee Support Teens Sugar *All content regarding the science behind LifeWave&#8217;s products is based on and may contain elements for the science of both phototherapy and acupressure. LifeWave products are categorized under one of [&hellip;]\" \/>\n<meta property=\"og:url\" content=\"https:\/\/startthelight.com\/es\/more-testimonials\/\" \/>\n<meta property=\"og:site_name\" content=\"Start The Light\" \/>\n<meta property=\"article:modified_time\" content=\"2025-08-17T16:03:03+00:00\" \/>\n<meta property=\"og:image\" content=\"https:\/\/startthelight.com\/wp-content\/uploads\/2023\/03\/LifewaveProductLine.png\" \/>\n\t<meta property=\"og:image:width\" content=\"1280\" \/>\n\t<meta property=\"og:image:height\" content=\"720\" \/>\n\t<meta property=\"og:image:type\" content=\"image\/png\" \/>\n<meta name=\"twitter:card\" content=\"summary_large_image\" \/>\n<meta name=\"twitter:label1\" content=\"Tiempo de lectura\" \/>\n\t<meta name=\"twitter:data1\" content=\"2 minutos\" \/>\n<script type=\"application\/ld+json\" class=\"yoast-schema-graph\">{\"@context\":\"https:\/\/schema.org\",\"@graph\":[{\"@type\":\"WebPage\",\"@id\":\"https:\/\/startthelight.com\/more-testimonials\/\",\"url\":\"https:\/\/startthelight.com\/more-testimonials\/\",\"name\":\"More Testimonials - Start The Light\",\"isPartOf\":{\"@id\":\"https:\/\/startthelight.com\/#website\"},\"primaryImageOfPage\":{\"@id\":\"https:\/\/startthelight.com\/more-testimonials\/#primaryimage\"},\"image\":{\"@id\":\"https:\/\/startthelight.com\/more-testimonials\/#primaryimage\"},\"thumbnailUrl\":\"https:\/\/startthelight.com\/wp-content\/uploads\/2023\/03\/LifewaveProductLine.png\",\"datePublished\":\"2024-09-15T17:12:01+00:00\",\"dateModified\":\"2025-08-17T16:03:03+00:00\",\"breadcrumb\":{\"@id\":\"https:\/\/startthelight.com\/more-testimonials\/#breadcrumb\"},\"inLanguage\":\"es\",\"potentialAction\":[{\"@type\":\"ReadAction\",\"target\":[\"https:\/\/startthelight.com\/more-testimonials\/\"]}]},{\"@type\":\"ImageObject\",\"inLanguage\":\"es\",\"@id\":\"https:\/\/startthelight.com\/more-testimonials\/#primaryimage\",\"url\":\"https:\/\/startthelight.com\/wp-content\/uploads\/2023\/03\/LifewaveProductLine.png\",\"contentUrl\":\"https:\/\/startthelight.com\/wp-content\/uploads\/2023\/03\/LifewaveProductLine.png\",\"width\":1280,\"height\":720},{\"@type\":\"BreadcrumbList\",\"@id\":\"https:\/\/startthelight.com\/more-testimonials\/#breadcrumb\",\"itemListElement\":[{\"@type\":\"ListItem\",\"position\":1,\"name\":\"Home\",\"item\":\"https:\/\/startthelight.com\/\"},{\"@type\":\"ListItem\",\"position\":2,\"name\":\"More Testimonials\"}]},{\"@type\":\"WebSite\",\"@id\":\"https:\/\/startthelight.com\/#website\",\"url\":\"https:\/\/startthelight.com\/\",\"name\":\"Start The Light\",\"description\":\"Stem cell activation therapy in a patch. No drugs, no injections, just our body&#039;s own light. Naturally reactivate your stem cells with a simple patch.\",\"potentialAction\":[{\"@type\":\"SearchAction\",\"target\":{\"@type\":\"EntryPoint\",\"urlTemplate\":\"https:\/\/startthelight.com\/?s={search_term_string}\"},\"query-input\":{\"@type\":\"PropertyValueSpecification\",\"valueRequired\":true,\"valueName\":\"search_term_string\"}}],\"inLanguage\":\"es\"}]}<\/script>\n<!-- \/ Yoast SEO plugin. -->","yoast_head_json":{"title":"More Testimonials - Start The Light","robots":{"index":"noindex","follow":"follow"},"og_locale":"es_MX","og_type":"article","og_title":"More Testimonials - Start The Light","og_description":"&lt; Back to HOME More Stories What People are saying about our X39 light technology patches Autoimmune issues Neurodevelopment issues Chronic Knee Support Teens Sugar *All content regarding the science behind LifeWave&#8217;s products is based on and may contain elements for the science of both phototherapy and acupressure. LifeWave products are categorized under one of [&hellip;]","og_url":"https:\/\/startthelight.com\/es\/more-testimonials\/","og_site_name":"Start The Light","article_modified_time":"2025-08-17T16:03:03+00:00","og_image":[{"width":1280,"height":720,"url":"https:\/\/startthelight.com\/wp-content\/uploads\/2023\/03\/LifewaveProductLine.png","type":"image\/png"}],"twitter_card":"summary_large_image","twitter_misc":{"Tiempo de lectura":"2 minutos"},"schema":{"@context":"https:\/\/schema.org","@graph":[{"@type":"WebPage","@id":"https:\/\/startthelight.com\/more-testimonials\/","url":"https:\/\/startthelight.com\/more-testimonials\/","name":"More Testimonials - Start The Light","isPartOf":{"@id":"https:\/\/startthelight.com\/#website"},"primaryImageOfPage":{"@id":"https:\/\/startthelight.com\/more-testimonials\/#primaryimage"},"image":{"@id":"https:\/\/startthelight.com\/more-testimonials\/#primaryimage"},"thumbnailUrl":"https:\/\/startthelight.com\/wp-content\/uploads\/2023\/03\/LifewaveProductLine.png","datePublished":"2024-09-15T17:12:01+00:00","dateModified":"2025-08-17T16:03:03+00:00","breadcrumb":{"@id":"https:\/\/startthelight.com\/more-testimonials\/#breadcrumb"},"inLanguage":"es","potentialAction":[{"@type":"ReadAction","target":["https:\/\/startthelight.com\/more-testimonials\/"]}]},{"@type":"ImageObject","inLanguage":"es","@id":"https:\/\/startthelight.com\/more-testimonials\/#primaryimage","url":"https:\/\/startthelight.com\/wp-content\/uploads\/2023\/03\/LifewaveProductLine.png","contentUrl":"https:\/\/startthelight.com\/wp-content\/uploads\/2023\/03\/LifewaveProductLine.png","width":1280,"height":720},{"@type":"BreadcrumbList","@id":"https:\/\/startthelight.com\/more-testimonials\/#breadcrumb","itemListElement":[{"@type":"ListItem","position":1,"name":"Home","item":"https:\/\/startthelight.com\/"},{"@type":"ListItem","position":2,"name":"More Testimonials"}]},{"@type":"WebSite","@id":"https:\/\/startthelight.com\/#website","url":"https:\/\/startthelight.com\/","name":"Start The Light","description":"Stem cell activation therapy in a patch. No drugs, no injections, just our body&#039;s own light. Naturally reactivate your stem cells with a simple patch.","potentialAction":[{"@type":"SearchAction","target":{"@type":"EntryPoint","urlTemplate":"https:\/\/startthelight.com\/?s={search_term_string}"},"query-input":{"@type":"PropertyValueSpecification","valueRequired":true,"valueName":"search_term_string"}}],"inLanguage":"es"}]}},"_links":{"self":[{"href":"https:\/\/startthelight.com\/es\/wp-json\/wp\/v2\/pages\/7199","targetHints":{"allow":["GET"]}}],"collection":[{"href":"https:\/\/startthelight.com\/es\/wp-json\/wp\/v2\/pages"}],"about":[{"href":"https:\/\/startthelight.com\/es\/wp-json\/wp\/v2\/types\/page"}],"author":[{"embeddable":true,"href":"https:\/\/startthelight.com\/es\/wp-json\/wp\/v2\/users\/1"}],"replies":[{"embeddable":true,"href":"https:\/\/startthelight.com\/es\/wp-json\/wp\/v2\/comments?post=7199"}],"version-history":[{"count":0,"href":"https:\/\/startthelight.com\/es\/wp-json\/wp\/v2\/pages\/7199\/revisions"}],"wp:featuredmedia":[{"embeddable":true,"href":"https:\/\/startthelight.com\/es\/wp-json\/wp\/v2\/media\/4097"}],"wp:attachment":[{"href":"https:\/\/startthelight.com\/es\/wp-json\/wp\/v2\/media?parent=7199"}],"curies":[{"name":"wp","href":"https:\/\/api.w.org\/{rel}","templated":true}]}}