{"id":9937,"date":"2025-09-20T19:55:22","date_gmt":"2025-09-20T19:55:22","guid":{"rendered":"https:\/\/startthelight.com\/?page_id=9937"},"modified":"2025-09-20T20:45:30","modified_gmt":"2025-09-20T20:45:30","slug":"proof-in-the-patent","status":"publish","type":"page","link":"https:\/\/startthelight.com\/es\/proof-in-the-patent\/","title":{"rendered":"La prueba en la patente"},"content":{"rendered":"<div data-elementor-type=\"wp-page\" data-elementor-id=\"9937\" class=\"elementor elementor-9937\" data-elementor-post-type=\"page\">\n\t\t\t\t<div class=\"elementor-element elementor-element-e95586e e-con-full e-flex e-con e-parent\" data-id=\"e95586e\" data-element_type=\"container\" data-settings=\"{&quot;background_background&quot;:&quot;classic&quot;,&quot;shape_divider_bottom&quot;:&quot;split&quot;}\">\n\t\t\t\t<div class=\"elementor-shape elementor-shape-bottom\" aria-hidden=\"true\" data-negative=\"false\">\n\t\t\t<svg xmlns=\"http:\/\/www.w3.org\/2000\/svg\" viewbox=\"0 0 1000 20\" preserveaspectratio=\"none\">\n\t<path class=\"elementor-shape-fill\" d=\"M0,0v3c0,0,393.8,0,483.4,0c9.2,0,16.6,7.4,16.6,16.6c0-9.1,7.4-16.6,16.6-16.6C606.2,3,1000,3,1000,3V0H0z\"\/>\n<\/svg>\t\t<\/div>\n\t\t\t\t<div class=\"elementor-element elementor-element-4510bae elementor-widget elementor-widget-button\" data-id=\"4510bae\" data-element_type=\"widget\" data-widget_type=\"button.default\">\n\t\t\t\t<div class=\"elementor-widget-container\">\n\t\t\t\t\t\t\t\t\t<div class=\"elementor-button-wrapper\">\n\t\t\t\t\t<a class=\"elementor-button elementor-button-link elementor-size-sm\" href=\"https:\/\/startthelight.com\/es\/home-x39\/#patents\">\n\t\t\t\t\t\t<span class=\"elementor-button-content-wrapper\">\n\t\t\t\t\t\t\t\t\t<span class=\"elementor-button-text\">&lt; Volver a INICIO<\/span>\n\t\t\t\t\t<\/span>\n\t\t\t\t\t<\/a>\n\t\t\t\t<\/div>\n\t\t\t\t\t\t\t\t<\/div>\n\t\t\t\t<\/div>\n\t\t\t\t<\/div>\n\t\t<div class=\"elementor-element elementor-element-6221196 e-flex e-con-boxed e-con e-parent\" data-id=\"6221196\" data-element_type=\"container\" data-settings=\"{&quot;background_background&quot;:&quot;classic&quot;}\">\n\t\t\t\t\t<div class=\"e-con-inner\">\n\t\t<div class=\"elementor-element elementor-element-ff7b571 e-flex e-con-boxed e-con e-child\" data-id=\"ff7b571\" data-element_type=\"container\">\n\t\t\t\t\t<div class=\"e-con-inner\">\n\t\t\t\t<div class=\"elementor-element elementor-element-640f5af elementor-widget elementor-widget-heading\" data-id=\"640f5af\" data-element_type=\"widget\" data-widget_type=\"heading.default\">\n\t\t\t\t<div class=\"elementor-widget-container\">\n\t\t\t\t\t<h1 class=\"elementor-heading-title elementor-size-default\">Con X39 - \u00a1La prueba est\u00e1 en la patente!<\/h1>\t\t\t\t<\/div>\n\t\t\t\t<\/div>\n\t\t\t\t\t<\/div>\n\t\t\t\t<\/div>\n\t\t<div class=\"elementor-element elementor-element-9e4dce3 e-flex e-con-boxed e-con e-child\" data-id=\"9e4dce3\" data-element_type=\"container\">\n\t\t\t\t\t<div class=\"e-con-inner\">\n\t\t<div class=\"elementor-element elementor-element-3500b59 e-flex e-con-boxed e-con e-child\" data-id=\"3500b59\" data-element_type=\"container\">\n\t\t\t\t\t<div class=\"e-con-inner\">\n\t\t\t\t<div class=\"elementor-element elementor-element-f6a566b elementor-widget elementor-widget-image\" data-id=\"f6a566b\" data-element_type=\"widget\" data-widget_type=\"image.default\">\n\t\t\t\t<div class=\"elementor-widget-container\">\n\t\t\t\t\t\t\t\t\t\t\t\t\t\t\t<img fetchpriority=\"high\" decoding=\"async\" width=\"482\" height=\"453\" src=\"https:\/\/startthelight.com\/wp-content\/uploads\/2023\/11\/Patent-X39-1.png\" class=\"attachment-large size-large wp-image-4903\" alt=\"\" srcset=\"https:\/\/startthelight.com\/wp-content\/uploads\/2023\/11\/Patent-X39-1.png 482w, https:\/\/startthelight.com\/wp-content\/uploads\/2023\/11\/Patent-X39-1-300x282.png 300w\" sizes=\"(max-width: 482px) 100vw, 482px\" \/>\t\t\t\t\t\t\t\t\t\t\t\t\t\t\t<\/div>\n\t\t\t\t<\/div>\n\t\t\t\t<div class=\"elementor-element elementor-element-faf6787 elementor-widget elementor-widget-image\" data-id=\"faf6787\" data-element_type=\"widget\" data-widget_type=\"image.default\">\n\t\t\t\t<div class=\"elementor-widget-container\">\n\t\t\t\t\t\t\t\t\t\t\t\t\t\t\t<img decoding=\"async\" width=\"600\" height=\"257\" src=\"https:\/\/startthelight.com\/wp-content\/uploads\/2025\/10\/x39_Patent-pg13-spanish.png\" class=\"attachment-large size-large wp-image-7906\" alt=\"\" srcset=\"https:\/\/startthelight.com\/wp-content\/uploads\/2025\/10\/x39_Patent-pg13-spanish.png 500w, https:\/\/startthelight.com\/wp-content\/uploads\/2025\/10\/x39_Patent-pg13-spanish-300x128.png 300w, https:\/\/startthelight.com\/wp-content\/uploads\/2025\/10\/x39_Patent-pg13-spanish-18x8.png 18w\" sizes=\"(max-width: 600px) 100vw, 600px\" \/>\t\t\t\t\t\t\t\t\t\t\t\t\t\t\t<\/div>\n\t\t\t\t<\/div>\n\t\t\t\t<div class=\"elementor-element elementor-element-2ebc624 elementor-mobile-align-justify elementor-align-center elementor-widget elementor-widget-button\" data-id=\"2ebc624\" data-element_type=\"widget\" data-widget_type=\"button.default\">\n\t\t\t\t<div class=\"elementor-widget-container\">\n\t\t\t\t\t\t\t\t\t<div class=\"elementor-button-wrapper\">\n\t\t\t\t\t<a class=\"elementor-button elementor-button-link elementor-size-sm\" href=\"https:\/\/startthelight.com\/es\/patent-excerpts-share\/\" target=\"_blank\">\n\t\t\t\t\t\t<span class=\"elementor-button-content-wrapper\">\n\t\t\t\t\t\t\t\t\t<span class=\"elementor-button-text\">Compartir y enviar los extractos de la patente X39<\/span>\n\t\t\t\t\t<\/span>\n\t\t\t\t\t<\/a>\n\t\t\t\t<\/div>\n\t\t\t\t\t\t\t\t<\/div>\n\t\t\t\t<\/div>\n\t\t\t\t<div class=\"elementor-element elementor-element-d0a3ca0 elementor-mobile-align-justify elementor-align-center elementor-widget elementor-widget-button\" data-id=\"d0a3ca0\" data-element_type=\"widget\" data-widget_type=\"button.default\">\n\t\t\t\t<div class=\"elementor-widget-container\">\n\t\t\t\t\t\t\t\t\t<div class=\"elementor-button-wrapper\">\n\t\t\t\t\t<a class=\"elementor-button elementor-button-link elementor-size-sm\" href=\"https:\/\/startthelight.com\/es\/patent-full-share\/\" target=\"_blank\">\n\t\t\t\t\t\t<span class=\"elementor-button-content-wrapper\">\n\t\t\t\t\t\t\t\t\t<span class=\"elementor-button-text\">Descargue y env\u00ede aqu\u00ed la patente X39 completa<\/span>\n\t\t\t\t\t<\/span>\n\t\t\t\t\t<\/a>\n\t\t\t\t<\/div>\n\t\t\t\t\t\t\t\t<\/div>\n\t\t\t\t<\/div>\n\t\t\t\t\t<\/div>\n\t\t\t\t<\/div>\n\t\t<div class=\"elementor-element elementor-element-596e334 e-flex e-con-boxed e-con e-child\" data-id=\"596e334\" data-element_type=\"container\">\n\t\t\t\t\t<div class=\"e-con-inner\">\n\t\t\t\t<div class=\"elementor-element elementor-element-84cc081 elementor-widget elementor-widget-image\" data-id=\"84cc081\" data-element_type=\"widget\" data-widget_type=\"image.default\">\n\t\t\t\t<div class=\"elementor-widget-container\">\n\t\t\t\t\t\t\t\t\t\t\t\t\t\t\t<img decoding=\"async\" width=\"791\" height=\"1024\" src=\"https:\/\/startthelight.com\/wp-content\/uploads\/2023\/11\/X39-Patent-highlight-791x1024.png\" class=\"attachment-large size-large wp-image-4905\" alt=\"\" srcset=\"https:\/\/startthelight.com\/wp-content\/uploads\/2023\/11\/X39-Patent-highlight-791x1024.png 791w, https:\/\/startthelight.com\/wp-content\/uploads\/2023\/11\/X39-Patent-highlight-232x300.png 232w, https:\/\/startthelight.com\/wp-content\/uploads\/2023\/11\/X39-Patent-highlight-768x994.png 768w, https:\/\/startthelight.com\/wp-content\/uploads\/2023\/11\/X39-Patent-highlight-1187x1536.png 1187w, https:\/\/startthelight.com\/wp-content\/uploads\/2023\/11\/X39-Patent-highlight-1583x2048.png 1583w\" sizes=\"(max-width: 791px) 100vw, 791px\" \/>\t\t\t\t\t\t\t\t\t\t\t\t\t\t\t<\/div>\n\t\t\t\t<\/div>\n\t\t\t\t\t<\/div>\n\t\t\t\t<\/div>\n\t\t\t\t\t<\/div>\n\t\t\t\t<\/div>\n\t\t\t\t\t<\/div>\n\t\t\t\t<\/div>\n\t\t<div class=\"elementor-element elementor-element-1c2a504 e-flex e-con-boxed e-con e-parent\" data-id=\"1c2a504\" data-element_type=\"container\" data-settings=\"{&quot;background_background&quot;:&quot;classic&quot;}\">\n\t\t\t\t\t<div class=\"e-con-inner\">\n\t\t<div class=\"elementor-element elementor-element-8392716 e-con-full e-flex e-con e-child\" data-id=\"8392716\" data-element_type=\"container\">\n\t\t\t\t<div class=\"elementor-element elementor-element-93aae10 elementor-widget elementor-widget-heading\" data-id=\"93aae10\" data-element_type=\"widget\" data-widget_type=\"heading.default\">\n\t\t\t\t<div class=\"elementor-widget-container\">\n\t\t\t\t\t<p class=\"elementor-heading-title elementor-size-default\">Descargo de responsabilidad: Nuestros parches se basan en la teor\u00eda de la fototerapia.<br>Los parches no est\u00e1n probados seg\u00fan los est\u00e1ndares de la medicina convencional y no deben utilizarse en lugar de la atenci\u00f3n m\u00e9dica.<\/p>\t\t\t\t<\/div>\n\t\t\t\t<\/div>\n\t\t\t\t<div class=\"elementor-element elementor-element-a10693d elementor-widget elementor-widget-heading\" data-id=\"a10693d\" data-element_type=\"widget\" data-widget_type=\"heading.default\">\n\t\t\t\t<div class=\"elementor-widget-container\">\n\t\t\t\t\t<p class=\"elementor-heading-title elementor-size-default\">Las declaraciones sobre los productos, sitios web o materiales asociados de LifeWave no han sido evaluadas por ninguna autoridad reguladora y no pretenden diagnosticar, tratar, curar o prevenir ninguna enfermedad o condici\u00f3n m\u00e9dica. El contenido presentado es en forma de resumen, es de car\u00e1cter general y se proporciona \u00fanicamente con fines informativos. No desestime ning\u00fan consejo m\u00e9dico que haya recibido ni se demore en buscarlo por algo que haya le\u00eddo en nuestros sitios web o materiales asociados. Consulte a su propio m\u00e9dico o proveedor de atenci\u00f3n sanitaria adecuado con respecto a sus propios s\u00edntomas o afecciones m\u00e9dicas, ya que estas enfermedades suelen presentarse con signos y s\u00edntomas variables. Consulte siempre a su m\u00e9dico o profesional sanitario cualificado antes de iniciar un nuevo tratamiento, dieta o programa de ejercicio f\u00edsico. No asumimos responsabilidad alguna por da\u00f1os o lesiones a personas o bienes derivados del uso de cualquier producto, informaci\u00f3n, idea o instrucci\u00f3n contenida en los materiales que le proporcionamos. Nos reservamos el derecho de cambiar o interrumpir en cualquier momento cualquier aspecto o caracter\u00edstica contenida en nuestra informaci\u00f3n.<\/p>\t\t\t\t<\/div>\n\t\t\t\t<\/div>\n\t\t\t\t<div class=\"elementor-element elementor-element-7f45e84 elementor-widget elementor-widget-heading\" data-id=\"7f45e84\" data-element_type=\"widget\" data-widget_type=\"heading.default\">\n\t\t\t\t<div class=\"elementor-widget-container\">\n\t\t\t\t\t<p class=\"elementor-heading-title elementor-size-default\">\u00a92026 StartX39Now.com | All rights reserved.<\/p>\t\t\t\t<\/div>\n\t\t\t\t<\/div>\n\t\t\t\t<\/div>\n\t\t\t\t\t<\/div>\n\t\t\t\t<\/div>\n\t\t\t\t<\/div>","protected":false},"excerpt":{"rendered":"<p>&lt; Back to HOME With X39 &#8211; The Proof is in the Patent! Share &amp; Send the X39 Patent Excerpts Download &amp; Send the Full X39 Patent Here! Disclaimer: Our patches are based on the theory of phototherapy.The patches are not proven based on conventional medicine standards and should not be used in place of [&hellip;]<\/p>","protected":false},"author":1,"featured_media":9960,"parent":0,"menu_order":0,"comment_status":"closed","ping_status":"closed","template":"elementor_canvas","meta":{"site-sidebar-layout":"no-sidebar","site-content-layout":"page-builder","ast-site-content-layout":"full-width-container","site-content-style":"unboxed","site-sidebar-style":"unboxed","ast-global-header-display":"disabled","ast-banner-title-visibility":"","ast-main-header-display":"","ast-hfb-above-header-display":"","ast-hfb-below-header-display":"","ast-hfb-mobile-header-display":"","site-post-title":"disabled","ast-breadcrumbs-content":"","ast-featured-img":"disabled","footer-sml-layout":"","theme-transparent-header-meta":"","adv-header-id-meta":"","stick-header-meta":"","header-above-stick-meta":"","header-main-stick-meta":"","header-below-stick-meta":"","astra-migrate-meta-layouts":"set","ast-page-background-enabled":"default","ast-page-background-meta":{"desktop":{"background-color":"var(--ast-global-color-4)","background-image":"","background-repeat":"repeat","background-position":"center center","background-size":"auto","background-attachment":"scroll","background-type":"","background-media":"","overlay-type":"","overlay-color":"","overlay-opacity":"","overlay-gradient":""},"tablet":{"background-color":"","background-image":"","background-repeat":"repeat","background-position":"center center","background-size":"auto","background-attachment":"scroll","background-type":"","background-media":"","overlay-type":"","overlay-color":"","overlay-opacity":"","overlay-gradient":""},"mobile":{"background-color":"","background-image":"","background-repeat":"repeat","background-position":"center center","background-size":"auto","background-attachment":"scroll","background-type":"","background-media":"","overlay-type":"","overlay-color":"","overlay-opacity":"","overlay-gradient":""}},"ast-content-background-meta":{"desktop":{"background-color":"var(--ast-global-color-5)","background-image":"","background-repeat":"repeat","background-position":"center center","background-size":"auto","background-attachment":"scroll","background-type":"","background-media":"","overlay-type":"","overlay-color":"","overlay-opacity":"","overlay-gradient":""},"tablet":{"background-color":"var(--ast-global-color-5)","background-image":"","background-repeat":"repeat","background-position":"center center","background-size":"auto","background-attachment":"scroll","background-type":"","background-media":"","overlay-type":"","overlay-color":"","overlay-opacity":"","overlay-gradient":""},"mobile":{"background-color":"var(--ast-global-color-5)","background-image":"","background-repeat":"repeat","background-position":"center center","background-size":"auto","background-attachment":"scroll","background-type":"","background-media":"","overlay-type":"","overlay-color":"","overlay-opacity":"","overlay-gradient":""}},"footnotes":""},"class_list":["post-9937","page","type-page","status-publish","has-post-thumbnail","hentry"],"yoast_head":"<!-- This site is optimized with the Yoast SEO plugin v26.3 - https:\/\/yoast.com\/wordpress\/plugins\/seo\/ -->\n<title>With X39 the Proof is in the Patent<\/title>\n<meta name=\"description\" content=\"Patented Wearable Light Technology\" \/>\n<meta name=\"robots\" content=\"noindex, follow\" \/>\n<meta property=\"og:locale\" content=\"es_MX\" \/>\n<meta property=\"og:type\" content=\"article\" \/>\n<meta property=\"og:title\" content=\"With X39 the Proof is in the Patent\" \/>\n<meta property=\"og:description\" content=\"Patented Wearable Light Technology\" \/>\n<meta property=\"og:url\" content=\"https:\/\/startthelight.com\/es\/proof-in-the-patent\/\" \/>\n<meta property=\"og:site_name\" content=\"Start The Light\" \/>\n<meta property=\"article:modified_time\" content=\"2025-09-20T20:45:30+00:00\" \/>\n<meta property=\"og:image\" content=\"https:\/\/startthelight.com\/wp-content\/uploads\/2025\/09\/ProofInThePatent-thumb.png\" \/>\n\t<meta property=\"og:image:width\" content=\"1280\" \/>\n\t<meta property=\"og:image:height\" content=\"720\" \/>\n\t<meta property=\"og:image:type\" content=\"image\/png\" \/>\n<meta name=\"twitter:card\" content=\"summary_large_image\" \/>\n<meta name=\"twitter:label1\" content=\"Tiempo de lectura\" \/>\n\t<meta name=\"twitter:data1\" content=\"2 minutos\" \/>\n<script type=\"application\/ld+json\" class=\"yoast-schema-graph\">{\"@context\":\"https:\/\/schema.org\",\"@graph\":[{\"@type\":\"WebPage\",\"@id\":\"https:\/\/startthelight.com\/proof-in-the-patent\/\",\"url\":\"https:\/\/startthelight.com\/proof-in-the-patent\/\",\"name\":\"With X39 the Proof is in the Patent\",\"isPartOf\":{\"@id\":\"https:\/\/startthelight.com\/#website\"},\"primaryImageOfPage\":{\"@id\":\"https:\/\/startthelight.com\/proof-in-the-patent\/#primaryimage\"},\"image\":{\"@id\":\"https:\/\/startthelight.com\/proof-in-the-patent\/#primaryimage\"},\"thumbnailUrl\":\"https:\/\/startthelight.com\/wp-content\/uploads\/2025\/09\/ProofInThePatent-thumb.png\",\"datePublished\":\"2025-09-20T19:55:22+00:00\",\"dateModified\":\"2025-09-20T20:45:30+00:00\",\"description\":\"Patented Wearable Light Technology\",\"breadcrumb\":{\"@id\":\"https:\/\/startthelight.com\/proof-in-the-patent\/#breadcrumb\"},\"inLanguage\":\"es\",\"potentialAction\":[{\"@type\":\"ReadAction\",\"target\":[\"https:\/\/startthelight.com\/proof-in-the-patent\/\"]}]},{\"@type\":\"ImageObject\",\"inLanguage\":\"es\",\"@id\":\"https:\/\/startthelight.com\/proof-in-the-patent\/#primaryimage\",\"url\":\"https:\/\/startthelight.com\/wp-content\/uploads\/2025\/09\/ProofInThePatent-thumb.png\",\"contentUrl\":\"https:\/\/startthelight.com\/wp-content\/uploads\/2025\/09\/ProofInThePatent-thumb.png\",\"width\":1280,\"height\":720},{\"@type\":\"BreadcrumbList\",\"@id\":\"https:\/\/startthelight.com\/proof-in-the-patent\/#breadcrumb\",\"itemListElement\":[{\"@type\":\"ListItem\",\"position\":1,\"name\":\"Home\",\"item\":\"https:\/\/startthelight.com\/\"},{\"@type\":\"ListItem\",\"position\":2,\"name\":\"Proof In The Patent\"}]},{\"@type\":\"WebSite\",\"@id\":\"https:\/\/startthelight.com\/#website\",\"url\":\"https:\/\/startthelight.com\/\",\"name\":\"Start The Light\",\"description\":\"Stem cell activation therapy in a patch. No drugs, no injections, just our body&#039;s own light. Naturally reactivate your stem cells with a simple patch.\",\"potentialAction\":[{\"@type\":\"SearchAction\",\"target\":{\"@type\":\"EntryPoint\",\"urlTemplate\":\"https:\/\/startthelight.com\/?s={search_term_string}\"},\"query-input\":{\"@type\":\"PropertyValueSpecification\",\"valueRequired\":true,\"valueName\":\"search_term_string\"}}],\"inLanguage\":\"es\"}]}<\/script>\n<!-- \/ Yoast SEO plugin. -->","yoast_head_json":{"title":"With X39 the Proof is in the Patent","description":"Tecnolog\u00eda patentada de luz port\u00e1til","robots":{"index":"noindex","follow":"follow"},"og_locale":"es_MX","og_type":"article","og_title":"With X39 the Proof is in the Patent","og_description":"Patented Wearable Light Technology","og_url":"https:\/\/startthelight.com\/es\/proof-in-the-patent\/","og_site_name":"Start The Light","article_modified_time":"2025-09-20T20:45:30+00:00","og_image":[{"width":1280,"height":720,"url":"https:\/\/startthelight.com\/wp-content\/uploads\/2025\/09\/ProofInThePatent-thumb.png","type":"image\/png"}],"twitter_card":"summary_large_image","twitter_misc":{"Tiempo de lectura":"2 minutos"},"schema":{"@context":"https:\/\/schema.org","@graph":[{"@type":"WebPage","@id":"https:\/\/startthelight.com\/proof-in-the-patent\/","url":"https:\/\/startthelight.com\/proof-in-the-patent\/","name":"With X39 the Proof is in the Patent","isPartOf":{"@id":"https:\/\/startthelight.com\/#website"},"primaryImageOfPage":{"@id":"https:\/\/startthelight.com\/proof-in-the-patent\/#primaryimage"},"image":{"@id":"https:\/\/startthelight.com\/proof-in-the-patent\/#primaryimage"},"thumbnailUrl":"https:\/\/startthelight.com\/wp-content\/uploads\/2025\/09\/ProofInThePatent-thumb.png","datePublished":"2025-09-20T19:55:22+00:00","dateModified":"2025-09-20T20:45:30+00:00","description":"Tecnolog\u00eda patentada de luz port\u00e1til","breadcrumb":{"@id":"https:\/\/startthelight.com\/proof-in-the-patent\/#breadcrumb"},"inLanguage":"es","potentialAction":[{"@type":"ReadAction","target":["https:\/\/startthelight.com\/proof-in-the-patent\/"]}]},{"@type":"ImageObject","inLanguage":"es","@id":"https:\/\/startthelight.com\/proof-in-the-patent\/#primaryimage","url":"https:\/\/startthelight.com\/wp-content\/uploads\/2025\/09\/ProofInThePatent-thumb.png","contentUrl":"https:\/\/startthelight.com\/wp-content\/uploads\/2025\/09\/ProofInThePatent-thumb.png","width":1280,"height":720},{"@type":"BreadcrumbList","@id":"https:\/\/startthelight.com\/proof-in-the-patent\/#breadcrumb","itemListElement":[{"@type":"ListItem","position":1,"name":"Home","item":"https:\/\/startthelight.com\/"},{"@type":"ListItem","position":2,"name":"Proof In The Patent"}]},{"@type":"WebSite","@id":"https:\/\/startthelight.com\/#website","url":"https:\/\/startthelight.com\/","name":"Start The Light","description":"Stem cell activation therapy in a patch. No drugs, no injections, just our body&#039;s own light. Naturally reactivate your stem cells with a simple patch.","potentialAction":[{"@type":"SearchAction","target":{"@type":"EntryPoint","urlTemplate":"https:\/\/startthelight.com\/?s={search_term_string}"},"query-input":{"@type":"PropertyValueSpecification","valueRequired":true,"valueName":"search_term_string"}}],"inLanguage":"es"}]}},"_links":{"self":[{"href":"https:\/\/startthelight.com\/es\/wp-json\/wp\/v2\/pages\/9937","targetHints":{"allow":["GET"]}}],"collection":[{"href":"https:\/\/startthelight.com\/es\/wp-json\/wp\/v2\/pages"}],"about":[{"href":"https:\/\/startthelight.com\/es\/wp-json\/wp\/v2\/types\/page"}],"author":[{"embeddable":true,"href":"https:\/\/startthelight.com\/es\/wp-json\/wp\/v2\/users\/1"}],"replies":[{"embeddable":true,"href":"https:\/\/startthelight.com\/es\/wp-json\/wp\/v2\/comments?post=9937"}],"version-history":[{"count":0,"href":"https:\/\/startthelight.com\/es\/wp-json\/wp\/v2\/pages\/9937\/revisions"}],"wp:featuredmedia":[{"embeddable":true,"href":"https:\/\/startthelight.com\/es\/wp-json\/wp\/v2\/media\/9960"}],"wp:attachment":[{"href":"https:\/\/startthelight.com\/es\/wp-json\/wp\/v2\/media?parent=9937"}],"curies":[{"name":"wp","href":"https:\/\/api.w.org\/{rel}","templated":true}]}}