{"id":9937,"date":"2025-09-20T19:55:22","date_gmt":"2025-09-20T19:55:22","guid":{"rendered":"https:\/\/startthelight.com\/?page_id=9937"},"modified":"2025-09-20T20:45:30","modified_gmt":"2025-09-20T20:45:30","slug":"proof-in-the-patent","status":"publish","type":"page","link":"https:\/\/startthelight.com\/vi\/proof-in-the-patent\/","title":{"rendered":"B\u1eb1ng ch\u1ee9ng trong b\u1eb1ng s\u00e1ng ch\u1ebf"},"content":{"rendered":"<div data-elementor-type=\"wp-page\" data-elementor-id=\"9937\" class=\"elementor elementor-9937\" data-elementor-post-type=\"page\">\n\t\t\t\t<div class=\"elementor-element elementor-element-e95586e e-con-full e-flex e-con e-parent\" data-id=\"e95586e\" data-element_type=\"container\" data-settings=\"{&quot;background_background&quot;:&quot;classic&quot;,&quot;shape_divider_bottom&quot;:&quot;split&quot;}\">\n\t\t\t\t<div class=\"elementor-shape elementor-shape-bottom\" aria-hidden=\"true\" data-negative=\"false\">\n\t\t\t<svg xmlns=\"http:\/\/www.w3.org\/2000\/svg\" viewbox=\"0 0 1000 20\" preserveaspectratio=\"none\">\n\t<path class=\"elementor-shape-fill\" d=\"M0,0v3c0,0,393.8,0,483.4,0c9.2,0,16.6,7.4,16.6,16.6c0-9.1,7.4-16.6,16.6-16.6C606.2,3,1000,3,1000,3V0H0z\"\/>\n<\/svg>\t\t<\/div>\n\t\t\t\t<div class=\"elementor-element elementor-element-4510bae elementor-widget elementor-widget-button\" data-id=\"4510bae\" data-element_type=\"widget\" data-widget_type=\"button.default\">\n\t\t\t\t<div class=\"elementor-widget-container\">\n\t\t\t\t\t\t\t\t\t<div class=\"elementor-button-wrapper\">\n\t\t\t\t\t<a class=\"elementor-button elementor-button-link elementor-size-sm\" href=\"https:\/\/startthelight.com\/vi\/home-x39\/#patents\">\n\t\t\t\t\t\t<span class=\"elementor-button-content-wrapper\">\n\t\t\t\t\t\t\t\t\t<span class=\"elementor-button-text\">&lt; Quay l\u1ea1i TRANG CH\u1ee6<\/span>\n\t\t\t\t\t<\/span>\n\t\t\t\t\t<\/a>\n\t\t\t\t<\/div>\n\t\t\t\t\t\t\t\t<\/div>\n\t\t\t\t<\/div>\n\t\t\t\t<\/div>\n\t\t<div class=\"elementor-element elementor-element-6221196 e-flex e-con-boxed e-con e-parent\" data-id=\"6221196\" data-element_type=\"container\" data-settings=\"{&quot;background_background&quot;:&quot;classic&quot;}\">\n\t\t\t\t\t<div class=\"e-con-inner\">\n\t\t<div class=\"elementor-element elementor-element-ff7b571 e-flex e-con-boxed e-con e-child\" data-id=\"ff7b571\" data-element_type=\"container\">\n\t\t\t\t\t<div class=\"e-con-inner\">\n\t\t\t\t<div class=\"elementor-element elementor-element-640f5af elementor-widget elementor-widget-heading\" data-id=\"640f5af\" data-element_type=\"widget\" data-widget_type=\"heading.default\">\n\t\t\t\t<div class=\"elementor-widget-container\">\n\t\t\t\t\t<h1 class=\"elementor-heading-title elementor-size-default\">V\u1edbi X39 - B\u1eb1ng ch\u1ee9ng \u0111\u00e3 c\u00f3 trong b\u1eb1ng s\u00e1ng ch\u1ebf!<\/h1>\t\t\t\t<\/div>\n\t\t\t\t<\/div>\n\t\t\t\t\t<\/div>\n\t\t\t\t<\/div>\n\t\t<div class=\"elementor-element elementor-element-9e4dce3 e-flex e-con-boxed e-con e-child\" data-id=\"9e4dce3\" data-element_type=\"container\">\n\t\t\t\t\t<div class=\"e-con-inner\">\n\t\t<div class=\"elementor-element elementor-element-3500b59 e-flex e-con-boxed e-con e-child\" data-id=\"3500b59\" data-element_type=\"container\">\n\t\t\t\t\t<div class=\"e-con-inner\">\n\t\t\t\t<div class=\"elementor-element elementor-element-f6a566b elementor-widget elementor-widget-image\" data-id=\"f6a566b\" data-element_type=\"widget\" data-widget_type=\"image.default\">\n\t\t\t\t<div class=\"elementor-widget-container\">\n\t\t\t\t\t\t\t\t\t\t\t\t\t\t\t<img fetchpriority=\"high\" decoding=\"async\" width=\"482\" height=\"453\" src=\"https:\/\/startthelight.com\/wp-content\/uploads\/2023\/11\/Patent-X39-1.png\" class=\"attachment-large size-large wp-image-4903\" alt=\"\" srcset=\"https:\/\/startthelight.com\/wp-content\/uploads\/2023\/11\/Patent-X39-1.png 482w, https:\/\/startthelight.com\/wp-content\/uploads\/2023\/11\/Patent-X39-1-300x282.png 300w\" sizes=\"(max-width: 482px) 100vw, 482px\" \/>\t\t\t\t\t\t\t\t\t\t\t\t\t\t\t<\/div>\n\t\t\t\t<\/div>\n\t\t\t\t<div class=\"elementor-element elementor-element-faf6787 elementor-widget elementor-widget-image\" data-id=\"faf6787\" data-element_type=\"widget\" data-widget_type=\"image.default\">\n\t\t\t\t<div class=\"elementor-widget-container\">\n\t\t\t\t\t\t\t\t\t\t\t\t\t\t\t<img decoding=\"async\" width=\"600\" height=\"257\" src=\"https:\/\/startthelight.com\/wp-content\/uploads\/2025\/04\/x39_Patent-short-pg13-bkgrnd.png\" class=\"attachment-large size-large wp-image-7906\" alt=\"\" srcset=\"https:\/\/startthelight.com\/wp-content\/uploads\/2025\/04\/x39_Patent-short-pg13-bkgrnd.png 600w, https:\/\/startthelight.com\/wp-content\/uploads\/2025\/04\/x39_Patent-short-pg13-bkgrnd-300x129.png 300w\" sizes=\"(max-width: 600px) 100vw, 600px\" \/>\t\t\t\t\t\t\t\t\t\t\t\t\t\t\t<\/div>\n\t\t\t\t<\/div>\n\t\t\t\t<div class=\"elementor-element elementor-element-2ebc624 elementor-mobile-align-justify elementor-align-center elementor-widget elementor-widget-button\" data-id=\"2ebc624\" data-element_type=\"widget\" data-widget_type=\"button.default\">\n\t\t\t\t<div class=\"elementor-widget-container\">\n\t\t\t\t\t\t\t\t\t<div class=\"elementor-button-wrapper\">\n\t\t\t\t\t<a class=\"elementor-button elementor-button-link elementor-size-sm\" href=\"https:\/\/startthelight.com\/vi\/patent-excerpts-share\/\" target=\"_blank\">\n\t\t\t\t\t\t<span class=\"elementor-button-content-wrapper\">\n\t\t\t\t\t\t\t\t\t<span class=\"elementor-button-text\">Chia s\u1ebb &amp; G\u1eedi Tr\u00edch \u0111o\u1ea1n B\u1eb1ng s\u00e1ng ch\u1ebf X39<\/span>\n\t\t\t\t\t<\/span>\n\t\t\t\t\t<\/a>\n\t\t\t\t<\/div>\n\t\t\t\t\t\t\t\t<\/div>\n\t\t\t\t<\/div>\n\t\t\t\t<div class=\"elementor-element elementor-element-d0a3ca0 elementor-mobile-align-justify elementor-align-center elementor-widget elementor-widget-button\" data-id=\"d0a3ca0\" data-element_type=\"widget\" data-widget_type=\"button.default\">\n\t\t\t\t<div class=\"elementor-widget-container\">\n\t\t\t\t\t\t\t\t\t<div class=\"elementor-button-wrapper\">\n\t\t\t\t\t<a class=\"elementor-button elementor-button-link elementor-size-sm\" href=\"https:\/\/startthelight.com\/vi\/patent-full-share\/\" target=\"_blank\">\n\t\t\t\t\t\t<span class=\"elementor-button-content-wrapper\">\n\t\t\t\t\t\t\t\t\t<span class=\"elementor-button-text\">T\u1ea3i xu\u1ed1ng v\u00e0 g\u1eedi to\u00e0n b\u1ed9 b\u1eb1ng s\u00e1ng ch\u1ebf X39 t\u1ea1i \u0111\u00e2y!<\/span>\n\t\t\t\t\t<\/span>\n\t\t\t\t\t<\/a>\n\t\t\t\t<\/div>\n\t\t\t\t\t\t\t\t<\/div>\n\t\t\t\t<\/div>\n\t\t\t\t\t<\/div>\n\t\t\t\t<\/div>\n\t\t<div class=\"elementor-element elementor-element-596e334 e-flex e-con-boxed e-con e-child\" data-id=\"596e334\" data-element_type=\"container\">\n\t\t\t\t\t<div class=\"e-con-inner\">\n\t\t\t\t<div class=\"elementor-element elementor-element-84cc081 elementor-widget elementor-widget-image\" data-id=\"84cc081\" data-element_type=\"widget\" data-widget_type=\"image.default\">\n\t\t\t\t<div class=\"elementor-widget-container\">\n\t\t\t\t\t\t\t\t\t\t\t\t\t\t\t<img decoding=\"async\" width=\"791\" height=\"1024\" src=\"https:\/\/startthelight.com\/wp-content\/uploads\/2023\/11\/X39-Patent-highlight-791x1024.png\" class=\"attachment-large size-large wp-image-4905\" alt=\"\" srcset=\"https:\/\/startthelight.com\/wp-content\/uploads\/2023\/11\/X39-Patent-highlight-791x1024.png 791w, https:\/\/startthelight.com\/wp-content\/uploads\/2023\/11\/X39-Patent-highlight-232x300.png 232w, https:\/\/startthelight.com\/wp-content\/uploads\/2023\/11\/X39-Patent-highlight-768x994.png 768w, https:\/\/startthelight.com\/wp-content\/uploads\/2023\/11\/X39-Patent-highlight-1187x1536.png 1187w, https:\/\/startthelight.com\/wp-content\/uploads\/2023\/11\/X39-Patent-highlight-1583x2048.png 1583w\" sizes=\"(max-width: 791px) 100vw, 791px\" \/>\t\t\t\t\t\t\t\t\t\t\t\t\t\t\t<\/div>\n\t\t\t\t<\/div>\n\t\t\t\t\t<\/div>\n\t\t\t\t<\/div>\n\t\t\t\t\t<\/div>\n\t\t\t\t<\/div>\n\t\t\t\t\t<\/div>\n\t\t\t\t<\/div>\n\t\t<div class=\"elementor-element elementor-element-1c2a504 e-flex e-con-boxed e-con e-parent\" data-id=\"1c2a504\" data-element_type=\"container\" data-settings=\"{&quot;background_background&quot;:&quot;classic&quot;}\">\n\t\t\t\t\t<div class=\"e-con-inner\">\n\t\t<div class=\"elementor-element elementor-element-8392716 e-con-full e-flex e-con e-child\" data-id=\"8392716\" data-element_type=\"container\">\n\t\t\t\t<div class=\"elementor-element elementor-element-93aae10 elementor-widget elementor-widget-heading\" data-id=\"93aae10\" data-element_type=\"widget\" data-widget_type=\"heading.default\">\n\t\t\t\t<div class=\"elementor-widget-container\">\n\t\t\t\t\t<p class=\"elementor-heading-title elementor-size-default\">Tuy\u00ean b\u1ed1 mi\u1ec5n tr\u1eeb tr\u00e1ch nhi\u1ec7m: Mi\u1ebfng d\u00e1n c\u1ee7a ch\u00fang t\u00f4i d\u1ef1a tr\u00ean l\u00fd thuy\u1ebft v\u1ec1 li\u1ec7u ph\u00e1p quang h\u1ecdc.<br>C\u00e1c mi\u1ebfng d\u00e1n n\u00e0y ch\u01b0a \u0111\u01b0\u1ee3c ch\u1ee9ng minh d\u1ef1a tr\u00ean c\u00e1c ti\u00eau chu\u1ea9n y h\u1ecdc th\u00f4ng th\u01b0\u1eddng v\u00e0 kh\u00f4ng n\u00ean \u0111\u01b0\u1ee3c s\u1eed d\u1ee5ng thay th\u1ebf cho vi\u1ec7c ch\u0103m s\u00f3c y t\u1ebf.<\/p>\t\t\t\t<\/div>\n\t\t\t\t<\/div>\n\t\t\t\t<div class=\"elementor-element elementor-element-a10693d elementor-widget elementor-widget-heading\" data-id=\"a10693d\" data-element_type=\"widget\" data-widget_type=\"heading.default\">\n\t\t\t\t<div class=\"elementor-widget-container\">\n\t\t\t\t\t<p class=\"elementor-heading-title elementor-size-default\">C\u00e1c tuy\u00ean b\u1ed1 v\u1ec1 s\u1ea3n ph\u1ea9m, trang web ho\u1eb7c t\u00e0i li\u1ec7u li\u00ean quan c\u1ee7a LifeWave ch\u01b0a \u0111\u01b0\u1ee3c b\u1ea5t k\u1ef3 c\u01a1 quan qu\u1ea3n l\u00fd n\u00e0o \u0111\u00e1nh gi\u00e1 v\u00e0 kh\u00f4ng nh\u1eb1m m\u1ee5c \u0111\u00edch ch\u1ea9n \u0111o\u00e1n, \u0111i\u1ec1u tr\u1ecb, ch\u1eefa kh\u1ecfi ho\u1eb7c ng\u0103n ng\u1eeba b\u1ea5t k\u1ef3 b\u1ec7nh t\u1eadt ho\u1eb7c t\u00ecnh tr\u1ea1ng s\u1ee9c kh\u1ecfe n\u00e0o. N\u1ed9i dung \u0111\u01b0\u1ee3c tr\u00ecnh b\u00e0y \u1edf d\u1ea1ng t\u00f3m t\u1eaft, mang t\u00ednh ch\u1ea5t chung v\u00e0 ch\u1ec9 nh\u1eb1m m\u1ee5c \u0111\u00edch cung c\u1ea5p th\u00f4ng tin. Vui l\u00f2ng kh\u00f4ng b\u1ecf qua b\u1ea5t k\u1ef3 l\u1eddi khuy\u00ean y t\u1ebf n\u00e0o b\u1ea1n \u0111\u00e3 nh\u1eadn \u0111\u01b0\u1ee3c ho\u1eb7c tr\u00ec ho\u00e3n vi\u1ec7c t\u00ecm ki\u1ebfm v\u00ec nh\u1eefng th\u00f4ng tin b\u1ea1n \u0111\u00e3 \u0111\u1ecdc tr\u00ean trang web ho\u1eb7c t\u00e0i li\u1ec7u li\u00ean quan c\u1ee7a ch\u00fang t\u00f4i. Vui l\u00f2ng tham kh\u1ea3o \u00fd ki\u1ebfn b\u00e1c s\u0129 ho\u1eb7c nh\u00e0 cung c\u1ea5p d\u1ecbch v\u1ee5 ch\u0103m s\u00f3c s\u1ee9c kh\u1ecfe ph\u00f9 h\u1ee3p v\u1ec1 c\u00e1c tri\u1ec7u ch\u1ee9ng ho\u1eb7c t\u00ecnh tr\u1ea1ng s\u1ee9c kh\u1ecfe c\u1ee7a b\u1ea1n v\u00ec nh\u1eefng b\u1ec7nh n\u00e0y th\u01b0\u1eddng bi\u1ec3u hi\u1ec7n v\u1edbi c\u00e1c d\u1ea5u hi\u1ec7u v\u00e0 tri\u1ec7u ch\u1ee9ng kh\u00e1c nhau. Lu\u00f4n tham kh\u1ea3o \u00fd ki\u1ebfn b\u00e1c s\u0129 ho\u1eb7c nh\u00e0 cung c\u1ea5p d\u1ecbch v\u1ee5 ch\u0103m s\u00f3c s\u1ee9c kh\u1ecfe \u0111\u1ee7 \u0111i\u1ec1u ki\u1ec7n kh\u00e1c tr\u01b0\u1edbc khi b\u1eaft \u0111\u1ea7u m\u1ed9t ph\u01b0\u01a1ng ph\u00e1p \u0111i\u1ec1u tr\u1ecb, ch\u1ebf \u0111\u1ed9 \u0103n ki\u00eang ho\u1eb7c ch\u01b0\u01a1ng tr\u00ecnh t\u1eadp luy\u1ec7n m\u1edbi. Ch\u00fang t\u00f4i kh\u00f4ng ch\u1ecbu b\u1ea5t k\u1ef3 tr\u00e1ch nhi\u1ec7m ph\u00e1p l\u00fd n\u00e0o \u0111\u1ed1i v\u1edbi thi\u1ec7t h\u1ea1i ho\u1eb7c th\u01b0\u01a1ng t\u00edch cho ng\u01b0\u1eddi ho\u1eb7c t\u00e0i s\u1ea3n ph\u00e1t sinh t\u1eeb vi\u1ec7c s\u1eed d\u1ee5ng b\u1ea5t k\u1ef3 s\u1ea3n ph\u1ea9m, th\u00f4ng tin, \u00fd t\u01b0\u1edfng ho\u1eb7c h\u01b0\u1edbng d\u1eabn n\u00e0o c\u00f3 trong t\u00e0i li\u1ec7u \u0111\u01b0\u1ee3c cung c\u1ea5p cho b\u1ea1n. Ch\u00fang t\u00f4i b\u1ea3o l\u01b0u quy\u1ec1n thay \u0111\u1ed5i ho\u1eb7c ng\u1eebng cung c\u1ea5p b\u1ea5t k\u1ef3 kh\u00eda c\u1ea1nh ho\u1eb7c t\u00ednh n\u0103ng n\u00e0o c\u00f3 trong th\u00f4ng tin c\u1ee7a ch\u00fang t\u00f4i b\u1ea5t c\u1ee9 l\u00fac n\u00e0o.<\/p>\t\t\t\t<\/div>\n\t\t\t\t<\/div>\n\t\t\t\t<div class=\"elementor-element elementor-element-7f45e84 elementor-widget elementor-widget-heading\" data-id=\"7f45e84\" data-element_type=\"widget\" data-widget_type=\"heading.default\">\n\t\t\t\t<div class=\"elementor-widget-container\">\n\t\t\t\t\t<p class=\"elementor-heading-title elementor-size-default\">\u00a92026 StartX39Now.com | All rights reserved.<\/p>\t\t\t\t<\/div>\n\t\t\t\t<\/div>\n\t\t\t\t<\/div>\n\t\t\t\t\t<\/div>\n\t\t\t\t<\/div>\n\t\t\t\t<\/div>","protected":false},"excerpt":{"rendered":"<p>&lt; Back to HOME With X39 &#8211; The Proof is in the Patent! Share &amp; Send the X39 Patent Excerpts Download &amp; Send the Full X39 Patent Here! Disclaimer: Our patches are based on the theory of phototherapy.The patches are not proven based on conventional medicine standards and should not be used in place of [&hellip;]<\/p>","protected":false},"author":1,"featured_media":9960,"parent":0,"menu_order":0,"comment_status":"closed","ping_status":"closed","template":"elementor_canvas","meta":{"site-sidebar-layout":"no-sidebar","site-content-layout":"page-builder","ast-site-content-layout":"full-width-container","site-content-style":"unboxed","site-sidebar-style":"unboxed","ast-global-header-display":"disabled","ast-banner-title-visibility":"","ast-main-header-display":"","ast-hfb-above-header-display":"","ast-hfb-below-header-display":"","ast-hfb-mobile-header-display":"","site-post-title":"disabled","ast-breadcrumbs-content":"","ast-featured-img":"disabled","footer-sml-layout":"","theme-transparent-header-meta":"","adv-header-id-meta":"","stick-header-meta":"","header-above-stick-meta":"","header-main-stick-meta":"","header-below-stick-meta":"","astra-migrate-meta-layouts":"set","ast-page-background-enabled":"default","ast-page-background-meta":{"desktop":{"background-color":"var(--ast-global-color-4)","background-image":"","background-repeat":"repeat","background-position":"center center","background-size":"auto","background-attachment":"scroll","background-type":"","background-media":"","overlay-type":"","overlay-color":"","overlay-opacity":"","overlay-gradient":""},"tablet":{"background-color":"","background-image":"","background-repeat":"repeat","background-position":"center center","background-size":"auto","background-attachment":"scroll","background-type":"","background-media":"","overlay-type":"","overlay-color":"","overlay-opacity":"","overlay-gradient":""},"mobile":{"background-color":"","background-image":"","background-repeat":"repeat","background-position":"center center","background-size":"auto","background-attachment":"scroll","background-type":"","background-media":"","overlay-type":"","overlay-color":"","overlay-opacity":"","overlay-gradient":""}},"ast-content-background-meta":{"desktop":{"background-color":"var(--ast-global-color-5)","background-image":"","background-repeat":"repeat","background-position":"center center","background-size":"auto","background-attachment":"scroll","background-type":"","background-media":"","overlay-type":"","overlay-color":"","overlay-opacity":"","overlay-gradient":""},"tablet":{"background-color":"var(--ast-global-color-5)","background-image":"","background-repeat":"repeat","background-position":"center center","background-size":"auto","background-attachment":"scroll","background-type":"","background-media":"","overlay-type":"","overlay-color":"","overlay-opacity":"","overlay-gradient":""},"mobile":{"background-color":"var(--ast-global-color-5)","background-image":"","background-repeat":"repeat","background-position":"center center","background-size":"auto","background-attachment":"scroll","background-type":"","background-media":"","overlay-type":"","overlay-color":"","overlay-opacity":"","overlay-gradient":""}},"footnotes":""},"class_list":["post-9937","page","type-page","status-publish","has-post-thumbnail","hentry"],"yoast_head":"<!-- This site is optimized with the Yoast SEO plugin v26.3 - https:\/\/yoast.com\/wordpress\/plugins\/seo\/ -->\n<title>With X39 the Proof is in the Patent<\/title>\n<meta name=\"description\" content=\"Patented Wearable Light Technology\" \/>\n<meta name=\"robots\" content=\"noindex, follow\" \/>\n<meta property=\"og:locale\" content=\"vi_VN\" \/>\n<meta property=\"og:type\" content=\"article\" \/>\n<meta property=\"og:title\" content=\"With X39 the Proof is in the Patent\" \/>\n<meta property=\"og:description\" content=\"Patented Wearable Light Technology\" \/>\n<meta property=\"og:url\" content=\"https:\/\/startthelight.com\/vi\/proof-in-the-patent\/\" \/>\n<meta property=\"og:site_name\" content=\"Start The Light\" \/>\n<meta property=\"article:modified_time\" content=\"2025-09-20T20:45:30+00:00\" \/>\n<meta property=\"og:image\" content=\"https:\/\/startthelight.com\/wp-content\/uploads\/2025\/09\/ProofInThePatent-thumb.png\" \/>\n\t<meta property=\"og:image:width\" content=\"1280\" \/>\n\t<meta property=\"og:image:height\" content=\"720\" \/>\n\t<meta property=\"og:image:type\" content=\"image\/png\" \/>\n<meta name=\"twitter:card\" content=\"summary_large_image\" \/>\n<meta name=\"twitter:label1\" content=\"\u01af\u1edbc t\u00ednh th\u1eddi gian \u0111\u1ecdc\" \/>\n\t<meta name=\"twitter:data1\" content=\"2 ph\u00fat\" \/>\n<script type=\"application\/ld+json\" class=\"yoast-schema-graph\">{\"@context\":\"https:\/\/schema.org\",\"@graph\":[{\"@type\":\"WebPage\",\"@id\":\"https:\/\/startthelight.com\/proof-in-the-patent\/\",\"url\":\"https:\/\/startthelight.com\/proof-in-the-patent\/\",\"name\":\"With X39 the Proof is in the Patent\",\"isPartOf\":{\"@id\":\"https:\/\/startthelight.com\/#website\"},\"primaryImageOfPage\":{\"@id\":\"https:\/\/startthelight.com\/proof-in-the-patent\/#primaryimage\"},\"image\":{\"@id\":\"https:\/\/startthelight.com\/proof-in-the-patent\/#primaryimage\"},\"thumbnailUrl\":\"https:\/\/startthelight.com\/wp-content\/uploads\/2025\/09\/ProofInThePatent-thumb.png\",\"datePublished\":\"2025-09-20T19:55:22+00:00\",\"dateModified\":\"2025-09-20T20:45:30+00:00\",\"description\":\"Patented Wearable Light Technology\",\"breadcrumb\":{\"@id\":\"https:\/\/startthelight.com\/proof-in-the-patent\/#breadcrumb\"},\"inLanguage\":\"vi\",\"potentialAction\":[{\"@type\":\"ReadAction\",\"target\":[\"https:\/\/startthelight.com\/proof-in-the-patent\/\"]}]},{\"@type\":\"ImageObject\",\"inLanguage\":\"vi\",\"@id\":\"https:\/\/startthelight.com\/proof-in-the-patent\/#primaryimage\",\"url\":\"https:\/\/startthelight.com\/wp-content\/uploads\/2025\/09\/ProofInThePatent-thumb.png\",\"contentUrl\":\"https:\/\/startthelight.com\/wp-content\/uploads\/2025\/09\/ProofInThePatent-thumb.png\",\"width\":1280,\"height\":720},{\"@type\":\"BreadcrumbList\",\"@id\":\"https:\/\/startthelight.com\/proof-in-the-patent\/#breadcrumb\",\"itemListElement\":[{\"@type\":\"ListItem\",\"position\":1,\"name\":\"Home\",\"item\":\"https:\/\/startthelight.com\/\"},{\"@type\":\"ListItem\",\"position\":2,\"name\":\"Proof In The Patent\"}]},{\"@type\":\"WebSite\",\"@id\":\"https:\/\/startthelight.com\/#website\",\"url\":\"https:\/\/startthelight.com\/\",\"name\":\"Start The Light\",\"description\":\"Stem cell activation therapy in a patch. No drugs, no injections, just our body&#039;s own light. Naturally reactivate your stem cells with a simple patch.\",\"potentialAction\":[{\"@type\":\"SearchAction\",\"target\":{\"@type\":\"EntryPoint\",\"urlTemplate\":\"https:\/\/startthelight.com\/?s={search_term_string}\"},\"query-input\":{\"@type\":\"PropertyValueSpecification\",\"valueRequired\":true,\"valueName\":\"search_term_string\"}}],\"inLanguage\":\"vi\"}]}<\/script>\n<!-- \/ Yoast SEO plugin. -->","yoast_head_json":{"title":"With X39 the Proof is in the Patent","description":"C\u00f4ng ngh\u1ec7 \u00e1nh s\u00e1ng \u0111eo \u0111\u01b0\u1ee3c c\u1ea5p b\u1eb1ng s\u00e1ng ch\u1ebf","robots":{"index":"noindex","follow":"follow"},"og_locale":"vi_VN","og_type":"article","og_title":"With X39 the Proof is in the Patent","og_description":"Patented Wearable Light Technology","og_url":"https:\/\/startthelight.com\/vi\/proof-in-the-patent\/","og_site_name":"Start The Light","article_modified_time":"2025-09-20T20:45:30+00:00","og_image":[{"width":1280,"height":720,"url":"https:\/\/startthelight.com\/wp-content\/uploads\/2025\/09\/ProofInThePatent-thumb.png","type":"image\/png"}],"twitter_card":"summary_large_image","twitter_misc":{"\u01af\u1edbc t\u00ednh th\u1eddi gian \u0111\u1ecdc":"2 ph\u00fat"},"schema":{"@context":"https:\/\/schema.org","@graph":[{"@type":"WebPage","@id":"https:\/\/startthelight.com\/proof-in-the-patent\/","url":"https:\/\/startthelight.com\/proof-in-the-patent\/","name":"With X39 the Proof is in the Patent","isPartOf":{"@id":"https:\/\/startthelight.com\/#website"},"primaryImageOfPage":{"@id":"https:\/\/startthelight.com\/proof-in-the-patent\/#primaryimage"},"image":{"@id":"https:\/\/startthelight.com\/proof-in-the-patent\/#primaryimage"},"thumbnailUrl":"https:\/\/startthelight.com\/wp-content\/uploads\/2025\/09\/ProofInThePatent-thumb.png","datePublished":"2025-09-20T19:55:22+00:00","dateModified":"2025-09-20T20:45:30+00:00","description":"C\u00f4ng ngh\u1ec7 \u00e1nh s\u00e1ng \u0111eo \u0111\u01b0\u1ee3c c\u1ea5p b\u1eb1ng s\u00e1ng ch\u1ebf","breadcrumb":{"@id":"https:\/\/startthelight.com\/proof-in-the-patent\/#breadcrumb"},"inLanguage":"vi","potentialAction":[{"@type":"ReadAction","target":["https:\/\/startthelight.com\/proof-in-the-patent\/"]}]},{"@type":"ImageObject","inLanguage":"vi","@id":"https:\/\/startthelight.com\/proof-in-the-patent\/#primaryimage","url":"https:\/\/startthelight.com\/wp-content\/uploads\/2025\/09\/ProofInThePatent-thumb.png","contentUrl":"https:\/\/startthelight.com\/wp-content\/uploads\/2025\/09\/ProofInThePatent-thumb.png","width":1280,"height":720},{"@type":"BreadcrumbList","@id":"https:\/\/startthelight.com\/proof-in-the-patent\/#breadcrumb","itemListElement":[{"@type":"ListItem","position":1,"name":"Home","item":"https:\/\/startthelight.com\/"},{"@type":"ListItem","position":2,"name":"Proof In The Patent"}]},{"@type":"WebSite","@id":"https:\/\/startthelight.com\/#website","url":"https:\/\/startthelight.com\/","name":"Start The Light","description":"Stem cell activation therapy in a patch. No drugs, no injections, just our body&#039;s own light. Naturally reactivate your stem cells with a simple patch.","potentialAction":[{"@type":"SearchAction","target":{"@type":"EntryPoint","urlTemplate":"https:\/\/startthelight.com\/?s={search_term_string}"},"query-input":{"@type":"PropertyValueSpecification","valueRequired":true,"valueName":"search_term_string"}}],"inLanguage":"vi"}]}},"_links":{"self":[{"href":"https:\/\/startthelight.com\/vi\/wp-json\/wp\/v2\/pages\/9937","targetHints":{"allow":["GET"]}}],"collection":[{"href":"https:\/\/startthelight.com\/vi\/wp-json\/wp\/v2\/pages"}],"about":[{"href":"https:\/\/startthelight.com\/vi\/wp-json\/wp\/v2\/types\/page"}],"author":[{"embeddable":true,"href":"https:\/\/startthelight.com\/vi\/wp-json\/wp\/v2\/users\/1"}],"replies":[{"embeddable":true,"href":"https:\/\/startthelight.com\/vi\/wp-json\/wp\/v2\/comments?post=9937"}],"version-history":[{"count":0,"href":"https:\/\/startthelight.com\/vi\/wp-json\/wp\/v2\/pages\/9937\/revisions"}],"wp:featuredmedia":[{"embeddable":true,"href":"https:\/\/startthelight.com\/vi\/wp-json\/wp\/v2\/media\/9960"}],"wp:attachment":[{"href":"https:\/\/startthelight.com\/vi\/wp-json\/wp\/v2\/media?parent=9937"}],"curies":[{"name":"wp","href":"https:\/\/api.w.org\/{rel}","templated":true}]}}